{"id":2,"date":"2022-09-29T16:04:26","date_gmt":"2022-09-29T14:04:26","guid":{"rendered":"http:\/\/cercle-opale.org\/?page_id=2"},"modified":"2022-09-29T16:25:00","modified_gmt":"2022-09-29T14:25:00","slug":"presentation","status":"publish","type":"page","link":"https:\/\/cercle-opale.org\/index.php\/presentation\/","title":{"rendered":"Pr\u00e9sentation du Cercle Opale"},"content":{"rendered":"\n<p>Le cercle Opale est un cercle de r\u00e9flexion d&rsquo;entreprises Drome-Ard\u00e9choises engag\u00e9es dans une d\u00e9marche Opale au sein du livre ReInventing Organisation.<\/p>\n\n\n\n<p>Notre objectif est r\u00e9fl\u00e9chir ensemble \u00e0 la mise en place d&rsquo;un nouveau sch\u00e9ma de gouvernance en entreprise.<\/p>\n\n\n\n<p>Pour cela, nous nous rencontrons une fois par trimestre pour \u00e9changer.<\/p>\n","protected":false},"excerpt":{"rendered":"<p>Le cercle Opale est un cercle de r\u00e9flexion d&rsquo;entreprises Drome-Ard\u00e9choises engag\u00e9es dans une d\u00e9marche Opale au sein du livre ReInventing Organisation. Notre objectif est r\u00e9fl\u00e9chir ensemble \u00e0 la mise en place d&rsquo;un nouveau sch\u00e9ma de gouvernance en entreprise. Pour cela, nous nous rencontrons une fois par trimestre pour \u00e9changer.<\/p>\n","protected":false},"author":1,"featured_media":0,"parent":0,"menu_order":0,"comment_status":"closed","ping_status":"open","template":"","meta":{"footnotes":""},"class_list":["post-2","page","type-page","status-publish","hentry"],"_links":{"self":[{"href":"https:\/\/cercle-opale.org\/index.php\/wp-json\/wp\/v2\/pages\/2","targetHints":{"allow":["GET"]}}],"collection":[{"href":"https:\/\/cercle-opale.org\/index.php\/wp-json\/wp\/v2\/pages"}],"about":[{"href":"https:\/\/cercle-opale.org\/index.php\/wp-json\/wp\/v2\/types\/page"}],"author":[{"embeddable":true,"href":"https:\/\/cercle-opale.org\/index.php\/wp-json\/wp\/v2\/users\/1"}],"replies":[{"embeddable":true,"href":"https:\/\/cercle-opale.org\/index.php\/wp-json\/wp\/v2\/comments?post=2"}],"version-history":[{"count":2,"href":"https:\/\/cercle-opale.org\/index.php\/wp-json\/wp\/v2\/pages\/2\/revisions"}],"predecessor-version":[{"id":9,"href":"https:\/\/cercle-opale.org\/index.php\/wp-json\/wp\/v2\/pages\/2\/revisions\/9"}],"wp:attachment":[{"href":"https:\/\/cercle-opale.org\/index.php\/wp-json\/wp\/v2\/media?parent=2"}],"curies":[{"name":"wp","href":"https:\/\/api.w.org\/{rel}","templated":true}]}}